{"id":15598,"date":"2015-04-20T11:50:56","date_gmt":"2015-04-20T15:50:56","guid":{"rendered":"https:\/\/garderiepetitbaobab.ca\/about-us\/"},"modified":"2025-06-30T14:30:47","modified_gmt":"2025-06-30T18:30:47","slug":"a-propos-de-nous","status":"publish","type":"page","link":"https:\/\/garderiepetitbaobab.ca\/fr\/a-propos-de-nous\/","title":{"rendered":"\u00c0 Propos De Nous"},"content":{"rendered":"<div id=\"cmsmasters_row_ds5alz6q0j\" class=\"cmsmasters_row cmsmasters_color_scheme_default cmsmasters_row_top_default cmsmasters_row_bot_default cmsmasters_row_boxed\">\n<div class=\"cmsmasters_row_outer_parent\">\n<div class=\"cmsmasters_row_outer\">\n<div class=\"cmsmasters_row_inner\">\n<div class=\"cmsmasters_row_margin\">\n<div id=\"cmsmasters_column_bfillrjeig\" class=\"cmsmasters_column one_first\">\n<div class=\"cmsmasters_column_inner\">\n<div id=\"cmsmasters_divider_0lm2qmy9ic\" class=\"cmsmasters_divider cmsmasters_divider_width_long cmsmasters_divider_pos_center\"><\/div>\n<div id=\"cmsmasters_heading_5jn15nn4y\" class=\"cmsmasters_heading_wrap cmsmasters_heading_align_center\">\n\t<h4 class=\"cmsmasters_heading\">Grandir ensemble, briller plus fort : aider chaque enfant \u00e0 donner le meilleur de lui-m\u00eame.<\/h4>\n<\/div>\n<div id=\"cmsmasters_divider_nu3t85rdrs\" class=\"cmsmasters_divider cmsmasters_divider_width_long cmsmasters_divider_pos_center\"><\/div>\n<\/div><\/div>\n<\/div>\n<\/div>\n<\/div>\n<\/div>\n<\/div>\n<div id=\"cmsmasters_row_d4s07cxmvo\" class=\"cmsmasters_row cmsmasters_color_scheme_default cmsmasters_row_top_default cmsmasters_row_bot_default cmsmasters_row_fullwidth\">\n<div class=\"cmsmasters_row_outer_parent\">\n<div class=\"cmsmasters_row_outer\">\n<div class=\"cmsmasters_row_inner cmsmasters_row_fullwidth cmsmasters_row_no_margin\">\n<div class=\"cmsmasters_row_margin cmsmasters_row_columns_behavior\">\n<div id=\"cmsmasters_column_2q4n9ghso\" class=\"cmsmasters_column one_half\">\n<div class=\"cmsmasters_column_inner\"><\/div><\/div>\n<div id=\"cmsmasters_column_dt7z1qukh\" class=\"cmsmasters_column one_half\">\n<div class=\"cmsmasters_column_inner\"><div id=\"cmsmasters_heading_9ahlh4xwrv\" class=\"cmsmasters_heading_wrap cmsmasters_heading_align_center\">\n\t<h1 class=\"cmsmasters_heading\">Garderie Petit Baobab<\/h1>\n<\/div>\n<div id=\"cmsmasters_divider_bmeqr6d5n\" class=\"cl\"><\/div>\n<div class=\"cmsmasters_text\">\n<p><span style=\"font-weight: 400;\">La Garderie Petit Baobab est une fi\u00e8re garderie canadienne \u00e0 but non lucratif fond\u00e9e en 2018 par Arveena Gunnoo, aux c\u00f4t\u00e9s d&rsquo;une \u00e9quipe passionn\u00e9e de membres du conseil d&rsquo;administration qui partagent un profond engagement envers le d\u00e9veloppement de la petite enfance. N\u00e9es d&rsquo;un parcours personnel et d&rsquo;un d\u00e9fi commun consistant \u00e0 trouver des services de garde de qualit\u00e9, nos fondatrices, qui sont elles-m\u00eames m\u00e8res, \u00e9taient motiv\u00e9es \u00e0 cr\u00e9er un lieu o\u00f9 toutes les familles pourraient acc\u00e9der \u00e0 des soins abordables et de haute qualit\u00e9 dans un environnement s\u00fbr et stimulant.<\/span><\/p>\n<p><span style=\"font-weight: 400;\">Notre garderie est un centre de soutien pour les familles de la communaut\u00e9, con\u00e7ue pour offrir \u00e0 chaque enfant une espace o\u00f9 grandir, apprendre et se d\u00e9velopper \u00e0 son propre rythme. Guid\u00e9 par une vaste exp\u00e9rience en \u00e9ducation de la petite enfance et un d\u00e9vouement in\u00e9branlable, notre conseil d\u2019administration veille au respect de notre mission, permettant \u00e0 la Garderie Petit Baobab d\u2019\u00eatre une ressource fiable pour les familles et un foyer de confiance pour la petite enfance.<\/span><\/p>\n<\/div>\n\n<div id=\"cmsmasters_divider_re663yt9f\" class=\"cl\"><\/div>\n<div id=\"cmsmasters_button_w9twzshiwi\" class=\"button_wrap\"><a href=\"\/fr\/contactez-nous\/\" class=\"cmsmasters_button\"><span>Contactez-nous<\/span><\/a><\/div>\n<\/div><\/div>\n<\/div>\n<\/div>\n<\/div>\n<\/div>\n<\/div>\n<div id=\"cmsmasters_row_d4s07cxmvo\" class=\"cmsmasters_row cmsmasters_color_scheme_default cmsmasters_row_top_default cmsmasters_row_bot_default cmsmasters_row_fullwidth\">\n<div class=\"cmsmasters_row_outer_parent\">\n<div class=\"cmsmasters_row_outer\">\n<div class=\"cmsmasters_row_inner cmsmasters_row_fullwidth cmsmasters_row_no_margin\">\n<div class=\"cmsmasters_row_margin cmsmasters_row_columns_behavior\">\n<div id=\"cmsmasters_column_1ire1rcq2g\" class=\"cmsmasters_column one_half\">\n<div class=\"cmsmasters_column_inner\"><div id=\"cmsmasters_heading_ppc98iqzer\" class=\"cmsmasters_heading_wrap cmsmasters_heading_align_center\">\n\t<h1 class=\"cmsmasters_heading\">Notre mission<\/h1>\n<\/div>\n<div id=\"cmsmasters_divider_ct8aeowen\" class=\"cl\"><\/div>\n<div class=\"cmsmasters_text\">\n<p><span style=\"font-weight: 400;\">Notre mission est de cr\u00e9er un environnement joyeux et solidaire dans lequel chaque enfant se sent valoris\u00e9, en s\u00e9curit\u00e9 et inspir\u00e9 pour explorer son propre potentiel. Nous travaillons en partenariat avec les familles pour nourrir l\u2019individualit\u00e9 de chaque enfant et favoriser l\u2019amour de l\u2019apprentissage qui renforce la confiance, le caract\u00e8re et une base solide pour la vie.<\/span><\/p>\n<\/div>\n\n<div id=\"cmsmasters_divider_mstom26vn\" class=\"cl\"><\/div>\n<\/div><\/div>\n<div id=\"cmsmasters_column_8zxl1gjzm8\" class=\"cmsmasters_column one_half\">\n<div class=\"cmsmasters_column_inner\"><\/div><\/div>\n<\/div>\n<\/div>\n<\/div>\n<\/div>\n<\/div>\n<div id=\"cmsmasters_row_s1mnpiqkgv\" class=\"cmsmasters_row cmsmasters_color_scheme_default cmsmasters_row_top_default cmsmasters_row_bot_default cmsmasters_row_fullwidth\">\n<div class=\"cmsmasters_row_outer_parent\">\n<div class=\"cmsmasters_row_outer\">\n<div class=\"cmsmasters_row_inner cmsmasters_row_fullwidth cmsmasters_row_no_margin\">\n<div class=\"cmsmasters_row_margin cmsmasters_row_columns_behavior\">\n<div id=\"cmsmasters_column_7j0720upc\" class=\"cmsmasters_column one_half\">\n<div class=\"cmsmasters_column_inner\"><\/div><\/div>\n<div id=\"cmsmasters_column_o4f1xd66la\" class=\"cmsmasters_column one_half\">\n<div class=\"cmsmasters_column_inner\"><div id=\"cmsmasters_heading_rc6unm01i\" class=\"cmsmasters_heading_wrap cmsmasters_heading_align_center\">\n\t<h1 class=\"cmsmasters_heading\">Notre vision<\/h1>\n<\/div>\n<div id=\"cmsmasters_divider_663ifmwllt\" class=\"cl\"><\/div>\n<div class=\"cmsmasters_text\">\n<blockquote>\n<p><span style=\"font-weight: 400;\">Cr\u00e9er une espace communautaire accueillant o\u00f9 les familles se sentent soutenues et o\u00f9 chaque enfant a la chance de grandir, d&rsquo;explorer et de briller pleinement.<\/span><\/p>\n<\/blockquote>\n<\/div>\n\n<div id=\"cmsmasters_divider_b6oglc2ug\" class=\"cl\"><\/div>\n<\/div><\/div>\n<\/div>\n<\/div>\n<\/div>\n<\/div>\n<\/div>\n<div id=\"cmsmasters_row_ruuemos2g8\" class=\"cmsmasters_row cmsmasters_color_scheme_default cmsmasters_row_top_default cmsmasters_row_bot_default cmsmasters_row_boxed\">\n<div class=\"cmsmasters_row_outer_parent\">\n<div class=\"cmsmasters_row_outer\">\n<div class=\"cmsmasters_row_inner\">\n<div class=\"cmsmasters_row_margin\">\n<div id=\"cmsmasters_column_g8jb4vpme\" class=\"cmsmasters_column one_first\">\n<div class=\"cmsmasters_column_inner\">\n<div id=\"cmsmasters_divider_c0cmbrk0o\" class=\"cl\"><\/div>\n<\/div><\/div>\n<\/div>\n<\/div>\n<\/div>\n<\/div>\n<\/div>\n<div id=\"cmsmasters_row_pxtbgh2eh\" class=\"cmsmasters_row cmsmasters_color_scheme_default cmsmasters_row_top_default cmsmasters_row_bot_default cmsmasters_row_boxed\">\n<div class=\"cmsmasters_row_outer_parent\">\n<div class=\"cmsmasters_row_outer\">\n<div class=\"cmsmasters_row_inner\">\n<div class=\"cmsmasters_row_margin\">\n<div id=\"cmsmasters_column_7lvd4r0csj\" class=\"cmsmasters_column one_first\">\n<div class=\"cmsmasters_column_inner\">\n<div id=\"cmsmasters_divider_4rgl7vlqc\" class=\"cl\"><\/div>\n<div id=\"cmsmasters_heading_5icapdn74a\" class=\"cmsmasters_heading_wrap cmsmasters_heading_align_left\">\n\t<h2 class=\"cmsmasters_heading\">Notre \u00e9quipe<\/h2>\n<\/div><div class=\"cmsmasters_text\">\n<p><span style=\"font-weight: 400;\">Notre \u00e9quipe accordent la priorit\u00e9 au d\u00e9veloppement professionnel continu et \u00e0 la formation de qualit\u00e9, en veillant \u00e0 ce que nos enseignants soient \u00e9quip\u00e9s des derniers outils et connaissances pour r\u00e9pondre aux besoins de chaque enfant. Gr\u00e2ce \u00e0 des partenariats avec des organisations comme Raising the Bar, nos \u00e9ducatrices et nos familles b\u00e9n\u00e9ficient d&rsquo;un soutien et de ressources continus qui renforcent notre engagement envers l&rsquo;excellence en mati\u00e8re de garde d&rsquo;enfants.<\/span><\/p>\n<\/div>\n<\/div><\/div>\n<\/div>\n<\/div>\n<\/div>\n<\/div>\n<\/div>\n<div id=\"cmsmasters_row_5h2vx6jus\" class=\"cmsmasters_row cmsmasters_color_scheme_default cmsmasters_row_top_default cmsmasters_row_bot_default cmsmasters_row_boxed\">\n<div class=\"cmsmasters_row_outer_parent\">\n<div class=\"cmsmasters_row_outer\">\n<div class=\"cmsmasters_row_inner\">\n<div class=\"cmsmasters_row_margin\">\n<div id=\"cmsmasters_column_6i0u6tdcg\" class=\"cmsmasters_column one_first\">\n<div class=\"cmsmasters_column_inner\">\n<div id=\"cmsmasters_divider_10fsl90mew\" class=\"cl\"><\/div>\n<div id=\"cmsmasters_button_3h8ejzggkb\" class=\"button_wrap\"><a href=\"\/fr\/rejoins-notre-equipe\/\" class=\"cmsmasters_button\"><span>Rencontrez notre \u00e9quipe<\/span><\/a><\/div>\n\n<div id=\"cmsmasters_divider_fspjtfyuak\" class=\"cl\"><\/div>\n<\/div><\/div>\n<\/div>\n<\/div>\n<\/div>\n<\/div>\n<\/div>\n<div id=\"cmsmasters_row_8rsmre3kth\" class=\"cmsmasters_row cmsmasters_color_scheme_default cmsmasters_row_top_default cmsmasters_row_bot_default cmsmasters_row_fullwidth\">\n<div class=\"cmsmasters_row_outer_parent\">\n<div class=\"cmsmasters_row_outer\">\n<div class=\"cmsmasters_row_inner cmsmasters_row_fullwidth cmsmasters_row_no_margin\">\n<div class=\"cmsmasters_row_margin cmsmasters_row_columns_behavior\">\n<div id=\"cmsmasters_column_3pes8w5o3a\" class=\"cmsmasters_column two_third\">\n<div class=\"cmsmasters_column_inner\"><div id=\"cmsmasters_heading_bmd28ihcb9\" class=\"cmsmasters_heading_wrap cmsmasters_heading_align_center\">\n\t<h2 class=\"cmsmasters_heading\">Notre approche<\/h2>\n<\/div><div class=\"cmsmasters_text\">\n<p style=\"text-align: left;\">\u00c0 la Garderie Petit Baobab, nous croyons au pouvoir du jeu et \u00e0 son r\u00f4le dans le d\u00e9veloppement de l&rsquo;enfant. Nos enfants participent activement \u00e0 une vari\u00e9t\u00e9 d&rsquo;exp\u00e9riences ludiques et de la vie quotidienne soigneusement con\u00e7ues pour :<\/p>\n<ul>\n<li>Promouvoir le d\u00e9veloppement physique, social, \u00e9motionnel et cognitif.<\/li>\n<li>Encouragez la coop\u00e9ration, la responsabilit\u00e9 et le respect des autres.<\/li>\n<li>Inspirez la curiosit\u00e9, la cr\u00e9ativit\u00e9 et un amour permanent de l&rsquo;apprentissage.<br \/>\nCollaboration\u00a0communautaire<\/li>\n<\/ul>\n<\/div>\n<\/div><\/div>\n<div id=\"cmsmasters_column_cbh8fpgx58\" class=\"cmsmasters_column one_third\">\n<div class=\"cmsmasters_column_inner\"><\/div><\/div>\n<\/div>\n<\/div>\n<\/div>\n<\/div>\n<\/div>\n<div id=\"cmsmasters_row_z81pwmj5qf\" class=\"cmsmasters_row cmsmasters_color_scheme_default cmsmasters_row_top_default cmsmasters_row_bot_default cmsmasters_row_boxed\">\n<div class=\"cmsmasters_row_outer_parent\">\n<div class=\"cmsmasters_row_outer\">\n<div class=\"cmsmasters_row_inner\">\n<div class=\"cmsmasters_row_margin\">\n<div id=\"cmsmasters_column_81zv88lbam\" class=\"cmsmasters_column one_first\">\n<div class=\"cmsmasters_column_inner\">\n<div id=\"cmsmasters_divider_81dqfvozyf\" class=\"cl\"><\/div>\n<div id=\"cmsmasters_heading_9c97bip0d\" class=\"cmsmasters_heading_wrap cmsmasters_heading_align_left\">\n\t<h2 class=\"cmsmasters_heading\">Collaboration\u00a0communautaire<\/h2>\n<\/div>\n<\/div><\/div>\n<\/div>\n<\/div>\n<\/div>\n<\/div>\n<\/div>\n<div id=\"cmsmasters_row_is3twhii5i\" class=\"cmsmasters_row cmsmasters_color_scheme_default cmsmasters_row_top_default cmsmasters_row_bot_default cmsmasters_row_boxed\">\n<div class=\"cmsmasters_row_outer_parent\">\n<div class=\"cmsmasters_row_outer\">\n<div class=\"cmsmasters_row_inner\">\n<div class=\"cmsmasters_row_margin\">\n<div id=\"cmsmasters_column_dqrrflquuf\" class=\"cmsmasters_column one_first\">\n<div class=\"cmsmasters_column_inner\"><div class=\"cmsmasters_text\">\n<p><span style=\"font-weight: 400;\">La Garderie Petit Baobab est profond\u00e9ment ancr\u00e9e dans la communaut\u00e9 locale. Gr\u00e2ce \u00e0 des collaborations avec la vie communautaire de Dufferin et d\u2019autres organismes, nous \u00e9tendons notre soutien au-del\u00e0 de nos murs pour offrir de pr\u00e9cieuses ressources pour le d\u00e9veloppement des enfants. Ces partenariats nous permettent de cr\u00e9er un solide r\u00e9seau de soutien aux familles, offrant des conseils et une assistance pour aider les enfants et leurs familles \u00e0 s&rsquo;\u00e9panouir.<\/span><\/p>\n<\/div>\n<\/div><\/div>\n<\/div>\n<\/div>\n<\/div>\n<\/div>\n<\/div>\n<div id=\"cmsmasters_row_yi3xcmangd\" class=\"cmsmasters_row cmsmasters_color_scheme_default cmsmasters_row_top_default cmsmasters_row_bot_default cmsmasters_row_boxed\">\n<div class=\"cmsmasters_row_outer_parent\">\n<div class=\"cmsmasters_row_outer\">\n<div class=\"cmsmasters_row_inner\">\n<div class=\"cmsmasters_row_margin\">\n<div id=\"cmsmasters_column_2msmnzkl9j\" class=\"cmsmasters_column one_first\">\n<div class=\"cmsmasters_column_inner\"><div id=\"cmsmasters_heading_s1co7zp7p\" class=\"cmsmasters_heading_wrap cmsmasters_heading_align_center\">\n\t<h4 class=\"cmsmasters_heading\">Programmes offerts<\/h4>\n<\/div>\n<\/div><\/div>\n<\/div>\n<\/div>\n<\/div>\n<\/div>\n<\/div>\n<div id=\"cmsmasters_row_zjjvmu7y48\" class=\"cmsmasters_row cmsmasters_color_scheme_default cmsmasters_row_top_default cmsmasters_row_bot_default cmsmasters_row_boxed\">\n<div class=\"cmsmasters_row_outer_parent\">\n<div class=\"cmsmasters_row_outer\">\n<div class=\"cmsmasters_row_inner\">\n<div class=\"cmsmasters_row_margin\">\n<div id=\"cmsmasters_column_g20kqtaon\" class=\"cmsmasters_column one_first\">\n<div class=\"cmsmasters_column_inner\"><div class=\"cmsmasters_wrap_table\"><table class=\"cmsmasters_table\"><caption><\/caption><tr><td class=\"cmsmasters_table_cell_alignleft\">Poupon :<\/td><td class=\"cmsmasters_table_cell_alignleft\">6-18 mois<\/td><\/tr><tr><td class=\"cmsmasters_table_cell_alignleft\">Bambin :<\/td><td class=\"cmsmasters_table_cell_alignleft\">18-24 mois<\/td><\/tr><tr><td class=\"cmsmasters_table_cell_alignleft\">Prescolaire :<\/td><td class=\"cmsmasters_table_cell_alignleft\">2-4 ans<\/td><\/tr><tr><td class=\"cmsmasters_table_cell_alignleft\">Avant et apr\u00e8s :<\/td><td class=\"cmsmasters_table_cell_alignleft\">4 &#8211; 12 ans<\/td><\/tr><tr><td class=\"cmsmasters_table_cell_alignleft\">Camps \/ Journ\u00e9es de PP :<\/td><td class=\"cmsmasters_table_cell_alignleft\">4 &#8211; 12 ans<\/td><\/tr><\/table><\/div>\n<\/div><\/div>\n<\/div>\n<\/div>\n<\/div>\n<\/div>\n<\/div>\n\n","protected":false},"excerpt":{"rendered":"","protected":false},"author":254189320,"featured_media":16476,"parent":0,"menu_order":0,"comment_status":"closed","ping_status":"closed","template":"","meta":{"_crdt_document":"","footnotes":""},"class_list":["post-15598","page","type-page","status-publish","has-post-thumbnail","hentry"],"yoast_head":"<!-- This site is optimized with the Yoast SEO plugin v27.4 - https:\/\/yoast.com\/product\/yoast-seo-wordpress\/ -->\n<title>\u00c0 Propos De Nous<\/title>\n<meta name=\"description\" content=\"Garderie Petit Baobab is a 100% Canadian non-profit organization founded in 2018.\" \/>\n<meta name=\"robots\" content=\"index, follow, max-snippet:-1, max-image-preview:large, max-video-preview:-1\" \/>\n<link rel=\"canonical\" href=\"https:\/\/garderiepetitbaobab.ca\/fr\/a-propos-de-nous\/\" \/>\n<meta property=\"og:locale\" content=\"fr_FR\" \/>\n<meta property=\"og:type\" content=\"article\" \/>\n<meta property=\"og:title\" content=\"\u00c0 Propos De Nous\" \/>\n<meta property=\"og:description\" content=\"Garderie Petit Baobab is a 100% Canadian non-profit organization founded in 2018.\" \/>\n<meta property=\"og:url\" content=\"https:\/\/garderiepetitbaobab.ca\/fr\/a-propos-de-nous\/\" \/>\n<meta property=\"og:site_name\" content=\"Garderie Petit Baobab\" \/>\n<meta property=\"article:modified_time\" content=\"2025-06-30T18:30:47+00:00\" \/>\n<meta property=\"og:image\" content=\"https:\/\/garderiepetitbaobab.ca\/wp-content\/uploads\/2024\/11\/about-us-Garderie-Petit-Baobab-orangeville-1024x512.png\" \/>\n\t<meta property=\"og:image:width\" content=\"1024\" \/>\n\t<meta property=\"og:image:height\" content=\"512\" \/>\n\t<meta property=\"og:image:type\" content=\"image\/png\" \/>\n<meta name=\"twitter:card\" content=\"summary_large_image\" \/>\n<meta name=\"twitter:label1\" content=\"Dur\u00e9e de lecture estim\u00e9e\" \/>\n\t<meta name=\"twitter:data1\" content=\"6 minutes\" \/>\n<script type=\"application\/ld+json\" class=\"yoast-schema-graph\">{\"@context\":\"https:\\\/\\\/schema.org\",\"@graph\":[{\"@type\":\"WebPage\",\"@id\":\"https:\\\/\\\/garderiepetitbaobab.ca\\\/fr\\\/a-propos-de-nous\\\/\",\"url\":\"https:\\\/\\\/garderiepetitbaobab.ca\\\/fr\\\/a-propos-de-nous\\\/\",\"name\":\"\u00c0 Propos De Nous\",\"isPartOf\":{\"@id\":\"https:\\\/\\\/garderiepetitbaobab.ca\\\/#website\"},\"primaryImageOfPage\":{\"@id\":\"https:\\\/\\\/garderiepetitbaobab.ca\\\/fr\\\/a-propos-de-nous\\\/#primaryimage\"},\"image\":{\"@id\":\"https:\\\/\\\/garderiepetitbaobab.ca\\\/fr\\\/a-propos-de-nous\\\/#primaryimage\"},\"thumbnailUrl\":\"https:\\\/\\\/garderiepetitbaobab.ca\\\/wp-content\\\/uploads\\\/2025\\\/06\\\/AboutGPB.png\",\"datePublished\":\"2015-04-20T15:50:56+00:00\",\"dateModified\":\"2025-06-30T18:30:47+00:00\",\"description\":\"Garderie Petit Baobab is a 100% Canadian non-profit organization founded in 2018.\",\"breadcrumb\":{\"@id\":\"https:\\\/\\\/garderiepetitbaobab.ca\\\/fr\\\/a-propos-de-nous\\\/#breadcrumb\"},\"inLanguage\":\"fr-FR\",\"potentialAction\":[{\"@type\":\"ReadAction\",\"target\":[\"https:\\\/\\\/garderiepetitbaobab.ca\\\/fr\\\/a-propos-de-nous\\\/\"]}]},{\"@type\":\"ImageObject\",\"inLanguage\":\"fr-FR\",\"@id\":\"https:\\\/\\\/garderiepetitbaobab.ca\\\/fr\\\/a-propos-de-nous\\\/#primaryimage\",\"url\":\"https:\\\/\\\/garderiepetitbaobab.ca\\\/wp-content\\\/uploads\\\/2025\\\/06\\\/AboutGPB.png\",\"contentUrl\":\"https:\\\/\\\/garderiepetitbaobab.ca\\\/wp-content\\\/uploads\\\/2025\\\/06\\\/AboutGPB.png\",\"width\":600,\"height\":300},{\"@type\":\"BreadcrumbList\",\"@id\":\"https:\\\/\\\/garderiepetitbaobab.ca\\\/fr\\\/a-propos-de-nous\\\/#breadcrumb\",\"itemListElement\":[{\"@type\":\"ListItem\",\"position\":1,\"name\":\"Bienvenue\",\"item\":\"https:\\\/\\\/garderiepetitbaobab.ca\\\/fr\\\/\"},{\"@type\":\"ListItem\",\"position\":2,\"name\":\"\u00c0 Propos De Nous\"}]},{\"@type\":\"WebSite\",\"@id\":\"https:\\\/\\\/garderiepetitbaobab.ca\\\/#website\",\"url\":\"https:\\\/\\\/garderiepetitbaobab.ca\\\/\",\"name\":\"Garderie Petit Baobab\",\"description\":\"Daycare in Orangeville, ON\",\"potentialAction\":[{\"@type\":\"SearchAction\",\"target\":{\"@type\":\"EntryPoint\",\"urlTemplate\":\"https:\\\/\\\/garderiepetitbaobab.ca\\\/?s={search_term_string}\"},\"query-input\":{\"@type\":\"PropertyValueSpecification\",\"valueRequired\":true,\"valueName\":\"search_term_string\"}}],\"inLanguage\":\"fr-FR\"}]}<\/script>\n<!-- \/ Yoast SEO plugin. -->","yoast_head_json":{"title":"\u00c0 Propos De Nous","description":"Garderie Petit Baobab is a 100% Canadian non-profit organization founded in 2018.","robots":{"index":"index","follow":"follow","max-snippet":"max-snippet:-1","max-image-preview":"max-image-preview:large","max-video-preview":"max-video-preview:-1"},"canonical":"https:\/\/garderiepetitbaobab.ca\/fr\/a-propos-de-nous\/","og_locale":"fr_FR","og_type":"article","og_title":"\u00c0 Propos De Nous","og_description":"Garderie Petit Baobab is a 100% Canadian non-profit organization founded in 2018.","og_url":"https:\/\/garderiepetitbaobab.ca\/fr\/a-propos-de-nous\/","og_site_name":"Garderie Petit Baobab","article_modified_time":"2025-06-30T18:30:47+00:00","og_image":[{"width":1024,"height":512,"url":"https:\/\/garderiepetitbaobab.ca\/wp-content\/uploads\/2024\/11\/about-us-Garderie-Petit-Baobab-orangeville-1024x512.png","type":"image\/png"}],"twitter_card":"summary_large_image","twitter_misc":{"Dur\u00e9e de lecture estim\u00e9e":"6 minutes"},"schema":{"@context":"https:\/\/schema.org","@graph":[{"@type":"WebPage","@id":"https:\/\/garderiepetitbaobab.ca\/fr\/a-propos-de-nous\/","url":"https:\/\/garderiepetitbaobab.ca\/fr\/a-propos-de-nous\/","name":"\u00c0 Propos De Nous","isPartOf":{"@id":"https:\/\/garderiepetitbaobab.ca\/#website"},"primaryImageOfPage":{"@id":"https:\/\/garderiepetitbaobab.ca\/fr\/a-propos-de-nous\/#primaryimage"},"image":{"@id":"https:\/\/garderiepetitbaobab.ca\/fr\/a-propos-de-nous\/#primaryimage"},"thumbnailUrl":"https:\/\/garderiepetitbaobab.ca\/wp-content\/uploads\/2025\/06\/AboutGPB.png","datePublished":"2015-04-20T15:50:56+00:00","dateModified":"2025-06-30T18:30:47+00:00","description":"Garderie Petit Baobab is a 100% Canadian non-profit organization founded in 2018.","breadcrumb":{"@id":"https:\/\/garderiepetitbaobab.ca\/fr\/a-propos-de-nous\/#breadcrumb"},"inLanguage":"fr-FR","potentialAction":[{"@type":"ReadAction","target":["https:\/\/garderiepetitbaobab.ca\/fr\/a-propos-de-nous\/"]}]},{"@type":"ImageObject","inLanguage":"fr-FR","@id":"https:\/\/garderiepetitbaobab.ca\/fr\/a-propos-de-nous\/#primaryimage","url":"https:\/\/garderiepetitbaobab.ca\/wp-content\/uploads\/2025\/06\/AboutGPB.png","contentUrl":"https:\/\/garderiepetitbaobab.ca\/wp-content\/uploads\/2025\/06\/AboutGPB.png","width":600,"height":300},{"@type":"BreadcrumbList","@id":"https:\/\/garderiepetitbaobab.ca\/fr\/a-propos-de-nous\/#breadcrumb","itemListElement":[{"@type":"ListItem","position":1,"name":"Bienvenue","item":"https:\/\/garderiepetitbaobab.ca\/fr\/"},{"@type":"ListItem","position":2,"name":"\u00c0 Propos De Nous"}]},{"@type":"WebSite","@id":"https:\/\/garderiepetitbaobab.ca\/#website","url":"https:\/\/garderiepetitbaobab.ca\/","name":"Garderie Petit Baobab","description":"Daycare in Orangeville, ON","potentialAction":[{"@type":"SearchAction","target":{"@type":"EntryPoint","urlTemplate":"https:\/\/garderiepetitbaobab.ca\/?s={search_term_string}"},"query-input":{"@type":"PropertyValueSpecification","valueRequired":true,"valueName":"search_term_string"}}],"inLanguage":"fr-FR"}]}},"jetpack_shortlink":"https:\/\/wp.me\/PfXJwv-43A","_links":{"self":[{"href":"https:\/\/garderiepetitbaobab.ca\/fr\/wp-json\/wp\/v2\/pages\/15598","targetHints":{"allow":["GET"]}}],"collection":[{"href":"https:\/\/garderiepetitbaobab.ca\/fr\/wp-json\/wp\/v2\/pages"}],"about":[{"href":"https:\/\/garderiepetitbaobab.ca\/fr\/wp-json\/wp\/v2\/types\/page"}],"author":[{"embeddable":true,"href":"https:\/\/garderiepetitbaobab.ca\/fr\/wp-json\/wp\/v2\/users\/254189320"}],"replies":[{"embeddable":true,"href":"https:\/\/garderiepetitbaobab.ca\/fr\/wp-json\/wp\/v2\/comments?post=15598"}],"version-history":[{"count":9,"href":"https:\/\/garderiepetitbaobab.ca\/fr\/wp-json\/wp\/v2\/pages\/15598\/revisions"}],"predecessor-version":[{"id":16575,"href":"https:\/\/garderiepetitbaobab.ca\/fr\/wp-json\/wp\/v2\/pages\/15598\/revisions\/16575"}],"wp:featuredmedia":[{"embeddable":true,"href":"https:\/\/garderiepetitbaobab.ca\/fr\/wp-json\/wp\/v2\/media\/16476"}],"wp:attachment":[{"href":"https:\/\/garderiepetitbaobab.ca\/fr\/wp-json\/wp\/v2\/media?parent=15598"}],"curies":[{"name":"wp","href":"https:\/\/api.w.org\/{rel}","templated":true}]}}